{"id":72,"date":"2024-10-12T13:02:54","date_gmt":"2024-10-12T11:02:54","guid":{"rendered":"https:\/\/shopping-assistant.ch\/?page_id=72"},"modified":"2024-10-14T12:26:06","modified_gmt":"2024-10-14T10:26:06","slug":"impressum","status":"publish","type":"page","link":"https:\/\/shopping-assistant.ch\/?page_id=72","title":{"rendered":"Impressum"},"content":{"rendered":"<p>[et_pb_section fb_built=&#8220;1&#8243; admin_label=&#8220;How it Works&#8220; _builder_version=&#8220;4.27.0&#8243; custom_margin=&#8220;-2vw||||false|false&#8220; custom_margin_tablet=&#8220;&#8220; custom_margin_phone=&#8220;0vw||&#8220; custom_margin_last_edited=&#8220;on|desktop&#8220; custom_width_px__hover=&#8220;1080px&#8220; custom_width_px__hover_enabled=&#8220;1080px&#8220; custom_width_percent__hover=&#8220;80%&#8220; custom_width_percent__hover_enabled=&#8220;80%&#8220; locked=&#8220;off&#8220; global_colors_info=&#8220;{}&#8220; gutter_width__hover=&#8220;3&#8243; gutter_width__hover_enabled=&#8220;3&#8243; parallax_1__hover=&#8220;off&#8220; parallax_1__hover_enabled=&#8220;off&#8220; parallax_2__hover=&#8220;off&#8220; parallax_2__hover_enabled=&#8220;off&#8220; parallax_3__hover=&#8220;off&#8220; parallax_3__hover_enabled=&#8220;off&#8220; parallax_method_1__hover=&#8220;on&#8220; parallax_method_1__hover_enabled=&#8220;on&#8220; parallax_method_2__hover=&#8220;on&#8220; parallax_method_2__hover_enabled=&#8220;on&#8220; parallax_method_3__hover=&#8220;on&#8220; parallax_method_3__hover_enabled=&#8220;on&#8220; use_background_color_gradient__hover=&#8220;off&#8220; use_background_color_gradient__hover_enabled=&#8220;off&#8220; background_color_gradient_start__hover=&#8220;#2b87da&#8220; background_color_gradient_start__hover_enabled=&#8220;#2b87da&#8220; background_color_gradient_end__hover=&#8220;#29c4a9&#8243; background_color_gradient_end__hover_enabled=&#8220;#29c4a9&#8243; background_color_gradient_type__hover=&#8220;linear&#8220; background_color_gradient_type__hover_enabled=&#8220;linear&#8220; background_color_gradient_direction__hover=&#8220;180deg&#8220; background_color_gradient_direction__hover_enabled=&#8220;180deg&#8220; background_color_gradient_direction_radial__hover=&#8220;center&#8220; background_color_gradient_direction_radial__hover_enabled=&#8220;center&#8220; background_color_gradient_start_position__hover=&#8220;0%&#8220; background_color_gradient_start_position__hover_enabled=&#8220;0%&#8220; background_color_gradient_end_position__hover=&#8220;100%&#8220; background_color_gradient_end_position__hover_enabled=&#8220;100%&#8220; background_color_gradient_overlays_image__hover=&#8220;off&#8220; background_color_gradient_overlays_image__hover_enabled=&#8220;off&#8220; parallax__hover=&#8220;off&#8220; parallax__hover_enabled=&#8220;off&#8220; parallax_method__hover=&#8220;on&#8220; parallax_method__hover_enabled=&#8220;on&#8220; background_size__hover=&#8220;cover&#8220; background_size__hover_enabled=&#8220;cover&#8220; background_position__hover=&#8220;center&#8220; background_position__hover_enabled=&#8220;center&#8220; background_repeat__hover=&#8220;no-repeat&#8220; background_repeat__hover_enabled=&#8220;no-repeat&#8220; background_blend__hover=&#8220;normal&#8220; background_blend__hover_enabled=&#8220;normal&#8220; allow_player_pause__hover=&#8220;off&#8220; allow_player_pause__hover_enabled=&#8220;off&#8220; background_video_pause_outside_viewport__hover=&#8220;on&#8220; background_video_pause_outside_viewport__hover_enabled=&#8220;on&#8220; inner_shadow__hover=&#8220;off&#8220; inner_shadow__hover_enabled=&#8220;off&#8220; make_fullwidth__hover=&#8220;off&#8220; make_fullwidth__hover_enabled=&#8220;off&#8220; use_custom_width__hover=&#8220;off&#8220; use_custom_width__hover_enabled=&#8220;off&#8220; width_unit__hover=&#8220;on&#8220; width_unit__hover_enabled=&#8220;on&#8220; make_equal__hover=&#8220;off&#8220; make_equal__hover_enabled=&#8220;off&#8220; use_custom_gutter__hover=&#8220;off&#8220; use_custom_gutter__hover_enabled=&#8220;off&#8220; border_radii__hover=&#8220;on||||&#8220; border_radii__hover_enabled=&#8220;on||||&#8220; box_shadow_style__hover=&#8220;none&#8220; box_shadow_style__hover_enabled=&#8220;none&#8220; box_shadow_color__hover=&#8220;rgba(0,0,0,0.3)&#8220; box_shadow_color__hover_enabled=&#8220;rgba(0,0,0,0.3)&#8220; max_width__hover=&#8220;100%&#8220; max_width__hover_enabled=&#8220;100%&#8220; filter_hue_rotate__hover=&#8220;0deg&#8220; filter_hue_rotate__hover_enabled=&#8220;0deg&#8220; filter_saturate__hover=&#8220;100%&#8220; filter_saturate__hover_enabled=&#8220;100%&#8220; filter_brightness__hover=&#8220;100%&#8220; filter_brightness__hover_enabled=&#8220;100%&#8220; filter_contrast__hover=&#8220;100%&#8220; filter_contrast__hover_enabled=&#8220;100%&#8220; filter_invert__hover=&#8220;0%&#8220; filter_invert__hover_enabled=&#8220;0%&#8220; filter_sepia__hover=&#8220;0%&#8220; filter_sepia__hover_enabled=&#8220;0%&#8220; filter_opacity__hover=&#8220;100%&#8220; filter_opacity__hover_enabled=&#8220;100%&#8220; filter_blur__hover=&#8220;0px&#8220; filter_blur__hover_enabled=&#8220;0px&#8220; mix_blend_mode__hover=&#8220;normal&#8220; mix_blend_mode__hover_enabled=&#8220;normal&#8220; animation_style__hover=&#8220;none&#8220; animation_style__hover_enabled=&#8220;none&#8220; animation_repeat__hover=&#8220;once&#8220; animation_repeat__hover_enabled=&#8220;once&#8220; animation_direction__hover=&#8220;center&#8220; animation_direction__hover_enabled=&#8220;center&#8220; animation_duration__hover=&#8220;1000ms&#8220; animation_duration__hover_enabled=&#8220;1000ms&#8220; animation_delay__hover=&#8220;0ms&#8220; animation_delay__hover_enabled=&#8220;0ms&#8220; animation_intensity_slide__hover=&#8220;50%&#8220; animation_intensity_slide__hover_enabled=&#8220;50%&#8220; animation_intensity_zoom__hover=&#8220;50%&#8220; animation_intensity_zoom__hover_enabled=&#8220;50%&#8220; animation_intensity_flip__hover=&#8220;50%&#8220; animation_intensity_flip__hover_enabled=&#8220;50%&#8220; animation_intensity_fold__hover=&#8220;50%&#8220; animation_intensity_fold__hover_enabled=&#8220;50%&#8220; animation_intensity_roll__hover=&#8220;50%&#8220; animation_intensity_roll__hover_enabled=&#8220;50%&#8220; animation_starting_opacity__hover=&#8220;0%&#8220; animation_starting_opacity__hover_enabled=&#8220;0%&#8220; animation_speed_curve__hover=&#8220;ease-in-out&#8220; animation_speed_curve__hover_enabled=&#8220;ease-in-out&#8220; hover_transition_duration__hover=&#8220;300ms&#8220; hover_transition_duration__hover_enabled=&#8220;300ms&#8220; hover_transition_delay__hover=&#8220;0ms&#8220; hover_transition_delay__hover_enabled=&#8220;0ms&#8220; hover_transition_speed_curve__hover=&#8220;ease&#8220; hover_transition_speed_curve__hover_enabled=&#8220;ease&#8220; background_color_gradient_stops__hover=&#8220;#2b87da 0%|#29c4a9 100%&#8220;][et_pb_row column_structure=&#8220;1_2,1_2&#8243; _builder_version=&#8220;4.27.0&#8243; global_colors_info=&#8220;{}&#8220;][et_pb_column type=&#8220;1_2&#8243; _builder_version=&#8220;4.27.0&#8243; custom_padding=&#8220;|||&#8220; hover_enabled=&#8220;0&#8243; global_colors_info=&#8220;{}&#8220; custom_padding__hover=&#8220;|||&#8220; sticky_enabled=&#8220;0&#8243;][et_pb_image src=&#8220;https:\/\/shopping-assistant.ch\/wp-content\/uploads\/2024\/10\/Flasche-Rotwein.jpeg&#8220; title_text=&#8220;Composition with wine and fruits on craft background, top view&#8220; align_tablet=&#8220;center&#8220; align_phone=&#8220;center&#8220; align_last_edited=&#8220;on|desktop&#8220; _builder_version=&#8220;4.27.0&#8243; max_width=&#8220;95%&#8220; max_width_tablet=&#8220;300px&#8220; max_width_phone=&#8220;&#8220; max_width_last_edited=&#8220;on|desktop&#8220; module_alignment=&#8220;left&#8220; hover_enabled=&#8220;0&#8243; locked=&#8220;off&#8220; global_colors_info=&#8220;{}&#8220; sticky_enabled=&#8220;0&#8243;][\/et_pb_image][et_pb_text _builder_version=&#8220;4.27.0&#8243; text_font=&#8220;||||||||&#8220; text_line_height=&#8220;2em&#8220; link_font=&#8220;||on||||||&#8220; link_text_color=&#8220;#afaeaa&#8220; header_font=&#8220;Raleway||||||||&#8220; header_3_font=&#8220;Raleway|300|||||||&#8220; header_3_font_size=&#8220;26px&#8220; header_3_line_height=&#8220;1.6em&#8220; header_3_font_size_tablet=&#8220;&#8220; header_3_font_size_phone=&#8220;22px&#8220; header_3_font_size_last_edited=&#8220;on|desktop&#8220; global_colors_info=&#8220;{}&#8220;]<\/p>\n<h3>Bildernachweis:<\/h3>\n<ul>\n<li><a href=\"https:\/\/stock.adobe.com\/de\">https:\/\/stock.adobe.com\/de<\/a><\/li>\n<li>Eigene<\/li>\n<\/ul>\n<p>[\/et_pb_text][\/et_pb_column][et_pb_column type=&#8220;1_2&#8243; _builder_version=&#8220;4.16&#8243; custom_padding=&#8220;12vw|||&#8220; custom_padding_tablet=&#8220;12vw|||&#8220; custom_padding_phone=&#8220;0vw|||||&#8220; custom_padding_last_edited=&#8220;on|desktop&#8220; global_colors_info=&#8220;{}&#8220; custom_padding__hover=&#8220;|||&#8220;][et_pb_text _builder_version=&#8220;4.27.0&#8243; text_font=&#8220;||||||||&#8220; text_font_size=&#8220;18px&#8220; text_line_height=&#8220;2.2em&#8220; header_font=&#8220;||||||||&#8220; header_2_font=&#8220;Roboto|300|||||||&#8220; header_2_font_size=&#8220;48px&#8220; header_2_line_height=&#8220;1.4em&#8220; min_height=&#8220;27.8px&#8220; custom_padding=&#8220;0px|||||&#8220; animation_style=&#8220;slide&#8220; animation_direction=&#8220;left&#8220; animation_intensity_slide=&#8220;5%&#8220; text_font_size_tablet=&#8220;&#8220; text_font_size_phone=&#8220;14px&#8220; text_font_size_last_edited=&#8220;on|phone&#8220; header_2_font_size_tablet=&#8220;38px&#8220; header_2_font_size_phone=&#8220;26px&#8220; header_2_font_size_last_edited=&#8220;on|phone&#8220; locked=&#8220;off&#8220; global_colors_info=&#8220;{}&#8220; header_3_font_size__hover=&#8220;22px&#8220; header_3_font_size__hover_enabled=&#8220;22px&#8220; header_3_letter_spacing__hover=&#8220;0px&#8220; header_3_letter_spacing__hover_enabled=&#8220;0px&#8220; header_3_line_height__hover=&#8220;1em&#8220; header_3_line_height__hover_enabled=&#8220;1em&#8220; header_3_text_shadow_style__hover=&#8220;none&#8220; header_3_text_shadow_style__hover_enabled=&#8220;none&#8220; header_3_text_shadow_color__hover=&#8220;rgba(0,0,0,0.4)&#8220; header_3_text_shadow_color__hover_enabled=&#8220;rgba(0,0,0,0.4)&#8220;]<\/p>\n<h2>Impressum<\/h2>\n<p>Betreiber dieser Website und verantwortlich f\u00fcr den Inhalt:<\/p>\n<p>[\/et_pb_text][et_pb_text _builder_version=&#8220;4.27.0&#8243; text_font=&#8220;||||||||&#8220; text_line_height=&#8220;2em&#8220; header_font=&#8220;||||||||&#8220; header_3_font=&#8220;Roboto|300|||||||&#8220; header_3_font_size=&#8220;48px&#8220; header_3_line_height=&#8220;1.4em&#8220; animation_style=&#8220;slide&#8220; animation_direction=&#8220;left&#8220; animation_intensity_slide=&#8220;5%&#8220; text_font_size_tablet=&#8220;&#8220; text_font_size_phone=&#8220;14px&#8220; text_font_size_last_edited=&#8220;on|phone&#8220; header_3_font_size_tablet=&#8220;&#8220; header_3_font_size_phone=&#8220;36px&#8220; header_3_font_size_last_edited=&#8220;on|phone&#8220; locked=&#8220;off&#8220; global_colors_info=&#8220;{}&#8220;]Andrea Ilg<br \/>\nCH-6987 Caslano<\/p>\n<p>Mobil: +41 79 581 90 48<br \/>\nE-Mail: andreaevelineilg@gmail.com<\/p>\n<p>Design und Programmierung:<br \/>\nNatalia Frei<br \/>\nWeb: www.nataliava.ch[\/et_pb_text][et_pb_text _builder_version=&#8220;4.27.0&#8243; text_font=&#8220;Muli||||||||&#8220; text_font_size=&#8220;18px&#8220; text_line_height=&#8220;1.8em&#8220; max_width=&#8220;650px&#8220; custom_margin=&#8220;||&#8220; animation_style=&#8220;slide&#8220; animation_direction=&#8220;right&#8220; animation_intensity_slide=&#8220;5%&#8220; locked=&#8220;off&#8220; global_colors_info=&#8220;{}&#8220;]<\/p>\n<p>Ich m\u00f6chte darauf hinweisen, dass alle auf dieser Website verwendeten Bilder urheberrechtlich gesch\u00fctzt sind. Die Nutzung, Vervielf\u00e4ltigung oder Verbreitung dieser Bilder ohne ausdr\u00fcckliche Genehmigung ist untersagt.<\/p>\n<p>Die visuellen Elemente, sei es Fotografien, Illustrationen oder Grafiken, wurden sorgf\u00e4ltig ausgew\u00e4hlt oder speziell f\u00fcr unsere Webseite erstellt. Ich respektiere das geistige Eigentum und die Kreativit\u00e4t der Urheber und bitte um Verst\u00e4ndnis f\u00fcr die Einhaltung dieser rechtlichen Bestimmungen.<\/p>\n<p>Falls Sie Interesse an der Nutzung unserer Bilder haben oder Fragen zu den Urheberrechten haben, kontaktieren Sie mich bitte. Ich freue mich \u00fcber einen respektvollen Umgang mit geistigem Eigentum und danke Ihnen f\u00fcr Ihr Verst\u00e4ndnis.<\/p>\n<p>[\/et_pb_text][\/et_pb_column][\/et_pb_row][\/et_pb_section][et_pb_section fb_built=&#8220;1&#8243; admin_label=&#8220;Footer&#8220; _builder_version=&#8220;4.16&#8243; background_color=&#8220;#f7f6f4&#8243; background_image=&#8220;https:\/\/shopping-assistant.ch\/wp-content\/uploads\/2024\/10\/personal-stylist-45.png&#8220; locked=&#8220;off&#8220; global_colors_info=&#8220;{}&#8220;][\/et_pb_section]<\/p>\n","protected":false},"excerpt":{"rendered":"<p>Bildernachweis: https:\/\/stock.adobe.com\/de Eigene Impressum Betreiber dieser Website und verantwortlich f\u00fcr den Inhalt:Andrea Ilg CH-6987 Caslano Mobil: +41 79 581 90 48 E-Mail: andreaevelineilg@gmail.com Design und Programmierung: Natalia Frei Web: www.nataliava.chIch m\u00f6chte darauf hinweisen, dass alle auf dieser Website verwendeten Bilder urheberrechtlich gesch\u00fctzt sind. Die Nutzung, Vervielf\u00e4ltigung oder Verbreitung dieser Bilder ohne ausdr\u00fcckliche Genehmigung ist untersagt. [&hellip;]<\/p>\n","protected":false},"author":2,"featured_media":0,"parent":0,"menu_order":3,"comment_status":"closed","ping_status":"closed","template":"","meta":{"_et_pb_use_builder":"on","_et_pb_old_content":"","_et_gb_content_width":"","footnotes":""},"class_list":["post-72","page","type-page","status-publish","hentry"],"yoast_head":"<!-- This site is optimized with the Yoast SEO plugin v25.6 - https:\/\/yoast.com\/wordpress\/plugins\/seo\/ -->\n<title>Impressum - Shopping Assistenz<\/title>\n<meta name=\"robots\" content=\"index, follow, max-snippet:-1, max-image-preview:large, max-video-preview:-1\" \/>\n<link rel=\"canonical\" href=\"https:\/\/shopping-assistant.ch\/?page_id=72\" \/>\n<meta property=\"og:locale\" content=\"de_DE\" \/>\n<meta property=\"og:type\" content=\"article\" \/>\n<meta property=\"og:title\" content=\"Impressum - Shopping Assistenz\" \/>\n<meta property=\"og:description\" content=\"Bildernachweis: https:\/\/stock.adobe.com\/de Eigene Impressum Betreiber dieser Website und verantwortlich f\u00fcr den Inhalt:Andrea Ilg CH-6987 Caslano Mobil: +41 79 581 90 48 E-Mail: andreaevelineilg@gmail.com Design und Programmierung: Natalia Frei Web: www.nataliava.chIch m\u00f6chte darauf hinweisen, dass alle auf dieser Website verwendeten Bilder urheberrechtlich gesch\u00fctzt sind. Die Nutzung, Vervielf\u00e4ltigung oder Verbreitung dieser Bilder ohne ausdr\u00fcckliche Genehmigung ist untersagt. [&hellip;]\" \/>\n<meta property=\"og:url\" content=\"https:\/\/shopping-assistant.ch\/?page_id=72\" \/>\n<meta property=\"og:site_name\" content=\"Shopping Assistenz\" \/>\n<meta property=\"article:modified_time\" content=\"2024-10-14T10:26:06+00:00\" \/>\n<meta name=\"twitter:card\" content=\"summary_large_image\" \/>\n<meta name=\"twitter:label1\" content=\"Gesch\u00e4tzte Lesezeit\" \/>\n\t<meta name=\"twitter:data1\" content=\"1\u00a0Minute\" \/>\n<script type=\"application\/ld+json\" class=\"yoast-schema-graph\">{\"@context\":\"https:\/\/schema.org\",\"@graph\":[{\"@type\":\"WebPage\",\"@id\":\"https:\/\/shopping-assistant.ch\/?page_id=72\",\"url\":\"https:\/\/shopping-assistant.ch\/?page_id=72\",\"name\":\"Impressum - Shopping Assistenz\",\"isPartOf\":{\"@id\":\"https:\/\/shopping-assistant.ch\/#website\"},\"datePublished\":\"2024-10-12T11:02:54+00:00\",\"dateModified\":\"2024-10-14T10:26:06+00:00\",\"breadcrumb\":{\"@id\":\"https:\/\/shopping-assistant.ch\/?page_id=72#breadcrumb\"},\"inLanguage\":\"de\",\"potentialAction\":[{\"@type\":\"ReadAction\",\"target\":[\"https:\/\/shopping-assistant.ch\/?page_id=72\"]}]},{\"@type\":\"BreadcrumbList\",\"@id\":\"https:\/\/shopping-assistant.ch\/?page_id=72#breadcrumb\",\"itemListElement\":[{\"@type\":\"ListItem\",\"position\":1,\"name\":\"Startseite\",\"item\":\"https:\/\/shopping-assistant.ch\/\"},{\"@type\":\"ListItem\",\"position\":2,\"name\":\"Impressum\"}]},{\"@type\":\"WebSite\",\"@id\":\"https:\/\/shopping-assistant.ch\/#website\",\"url\":\"https:\/\/shopping-assistant.ch\/\",\"name\":\"Shopping Assistenz\",\"description\":\"Massgeschneiderte Shopping-Erlebnisse\",\"potentialAction\":[{\"@type\":\"SearchAction\",\"target\":{\"@type\":\"EntryPoint\",\"urlTemplate\":\"https:\/\/shopping-assistant.ch\/?s={search_term_string}\"},\"query-input\":{\"@type\":\"PropertyValueSpecification\",\"valueRequired\":true,\"valueName\":\"search_term_string\"}}],\"inLanguage\":\"de\"}]}<\/script>\n<!-- \/ Yoast SEO plugin. -->","yoast_head_json":{"title":"Impressum - Shopping Assistenz","robots":{"index":"index","follow":"follow","max-snippet":"max-snippet:-1","max-image-preview":"max-image-preview:large","max-video-preview":"max-video-preview:-1"},"canonical":"https:\/\/shopping-assistant.ch\/?page_id=72","og_locale":"de_DE","og_type":"article","og_title":"Impressum - Shopping Assistenz","og_description":"Bildernachweis: https:\/\/stock.adobe.com\/de Eigene Impressum Betreiber dieser Website und verantwortlich f\u00fcr den Inhalt:Andrea Ilg CH-6987 Caslano Mobil: +41 79 581 90 48 E-Mail: andreaevelineilg@gmail.com Design und Programmierung: Natalia Frei Web: www.nataliava.chIch m\u00f6chte darauf hinweisen, dass alle auf dieser Website verwendeten Bilder urheberrechtlich gesch\u00fctzt sind. Die Nutzung, Vervielf\u00e4ltigung oder Verbreitung dieser Bilder ohne ausdr\u00fcckliche Genehmigung ist untersagt. [&hellip;]","og_url":"https:\/\/shopping-assistant.ch\/?page_id=72","og_site_name":"Shopping Assistenz","article_modified_time":"2024-10-14T10:26:06+00:00","twitter_card":"summary_large_image","twitter_misc":{"Gesch\u00e4tzte Lesezeit":"1\u00a0Minute"},"schema":{"@context":"https:\/\/schema.org","@graph":[{"@type":"WebPage","@id":"https:\/\/shopping-assistant.ch\/?page_id=72","url":"https:\/\/shopping-assistant.ch\/?page_id=72","name":"Impressum - Shopping Assistenz","isPartOf":{"@id":"https:\/\/shopping-assistant.ch\/#website"},"datePublished":"2024-10-12T11:02:54+00:00","dateModified":"2024-10-14T10:26:06+00:00","breadcrumb":{"@id":"https:\/\/shopping-assistant.ch\/?page_id=72#breadcrumb"},"inLanguage":"de","potentialAction":[{"@type":"ReadAction","target":["https:\/\/shopping-assistant.ch\/?page_id=72"]}]},{"@type":"BreadcrumbList","@id":"https:\/\/shopping-assistant.ch\/?page_id=72#breadcrumb","itemListElement":[{"@type":"ListItem","position":1,"name":"Startseite","item":"https:\/\/shopping-assistant.ch\/"},{"@type":"ListItem","position":2,"name":"Impressum"}]},{"@type":"WebSite","@id":"https:\/\/shopping-assistant.ch\/#website","url":"https:\/\/shopping-assistant.ch\/","name":"Shopping Assistenz","description":"Massgeschneiderte Shopping-Erlebnisse","potentialAction":[{"@type":"SearchAction","target":{"@type":"EntryPoint","urlTemplate":"https:\/\/shopping-assistant.ch\/?s={search_term_string}"},"query-input":{"@type":"PropertyValueSpecification","valueRequired":true,"valueName":"search_term_string"}}],"inLanguage":"de"}]}},"_links":{"self":[{"href":"https:\/\/shopping-assistant.ch\/index.php?rest_route=\/wp\/v2\/pages\/72"}],"collection":[{"href":"https:\/\/shopping-assistant.ch\/index.php?rest_route=\/wp\/v2\/pages"}],"about":[{"href":"https:\/\/shopping-assistant.ch\/index.php?rest_route=\/wp\/v2\/types\/page"}],"author":[{"embeddable":true,"href":"https:\/\/shopping-assistant.ch\/index.php?rest_route=\/wp\/v2\/users\/2"}],"replies":[{"embeddable":true,"href":"https:\/\/shopping-assistant.ch\/index.php?rest_route=%2Fwp%2Fv2%2Fcomments&post=72"}],"version-history":[{"count":15,"href":"https:\/\/shopping-assistant.ch\/index.php?rest_route=\/wp\/v2\/pages\/72\/revisions"}],"predecessor-version":[{"id":175,"href":"https:\/\/shopping-assistant.ch\/index.php?rest_route=\/wp\/v2\/pages\/72\/revisions\/175"}],"wp:attachment":[{"href":"https:\/\/shopping-assistant.ch\/index.php?rest_route=%2Fwp%2Fv2%2Fmedia&parent=72"}],"curies":[{"name":"wp","href":"https:\/\/api.w.org\/{rel}","templated":true}]}}